{"id":42074,"date":"2025-12-04T11:27:40","date_gmt":"2025-12-04T11:27:40","guid":{"rendered":"https:\/\/voipstudio.com\/subskrypcja\/"},"modified":"2025-12-16T10:43:46","modified_gmt":"2025-12-16T10:43:46","slug":"subskrypcja","status":"publish","type":"page","link":"https:\/\/voipstudio.com\/pl\/subskrypcja\/","title":{"rendered":"Subskrypcja e-mail"},"content":{"rendered":"\t\t<div data-elementor-type=\"wp-page\" data-elementor-id=\"42074\" class=\"elementor elementor-42074 elementor-42060\" data-elementor-settings=\"{&quot;element_pack_global_tooltip_width&quot;:{&quot;unit&quot;:&quot;px&quot;,&quot;size&quot;:&quot;&quot;,&quot;sizes&quot;:[]},&quot;element_pack_global_tooltip_width_tablet&quot;:{&quot;unit&quot;:&quot;px&quot;,&quot;size&quot;:&quot;&quot;,&quot;sizes&quot;:[]},&quot;element_pack_global_tooltip_width_mobile&quot;:{&quot;unit&quot;:&quot;px&quot;,&quot;size&quot;:&quot;&quot;,&quot;sizes&quot;:[]},&quot;element_pack_global_tooltip_padding&quot;:{&quot;unit&quot;:&quot;px&quot;,&quot;top&quot;:&quot;&quot;,&quot;right&quot;:&quot;&quot;,&quot;bottom&quot;:&quot;&quot;,&quot;left&quot;:&quot;&quot;,&quot;isLinked&quot;:true},&quot;element_pack_global_tooltip_padding_tablet&quot;:{&quot;unit&quot;:&quot;px&quot;,&quot;top&quot;:&quot;&quot;,&quot;right&quot;:&quot;&quot;,&quot;bottom&quot;:&quot;&quot;,&quot;left&quot;:&quot;&quot;,&quot;isLinked&quot;:true},&quot;element_pack_global_tooltip_padding_mobile&quot;:{&quot;unit&quot;:&quot;px&quot;,&quot;top&quot;:&quot;&quot;,&quot;right&quot;:&quot;&quot;,&quot;bottom&quot;:&quot;&quot;,&quot;left&quot;:&quot;&quot;,&quot;isLinked&quot;:true},&quot;element_pack_global_tooltip_border_radius&quot;:{&quot;unit&quot;:&quot;px&quot;,&quot;top&quot;:&quot;&quot;,&quot;right&quot;:&quot;&quot;,&quot;bottom&quot;:&quot;&quot;,&quot;left&quot;:&quot;&quot;,&quot;isLinked&quot;:true},&quot;element_pack_global_tooltip_border_radius_tablet&quot;:{&quot;unit&quot;:&quot;px&quot;,&quot;top&quot;:&quot;&quot;,&quot;right&quot;:&quot;&quot;,&quot;bottom&quot;:&quot;&quot;,&quot;left&quot;:&quot;&quot;,&quot;isLinked&quot;:true},&quot;element_pack_global_tooltip_border_radius_mobile&quot;:{&quot;unit&quot;:&quot;px&quot;,&quot;top&quot;:&quot;&quot;,&quot;right&quot;:&quot;&quot;,&quot;bottom&quot;:&quot;&quot;,&quot;left&quot;:&quot;&quot;,&quot;isLinked&quot;:true}}\" data-elementor-post-type=\"page\">\n\t\t\t\t<div class=\"elementor-element elementor-element-0eaa986 e-flex e-con-boxed e-con e-parent\" data-id=\"0eaa986\" data-element_type=\"container\" data-e-type=\"container\" data-settings=\"{&quot;background_background&quot;:&quot;classic&quot;}\">\n\t\t\t\t\t<div class=\"e-con-inner\">\n\t\t<div class=\"elementor-element elementor-element-ec945d3 e-con-full e-flex e-con e-child\" data-id=\"ec945d3\" data-element_type=\"container\" data-e-type=\"container\">\n\t\t\t\t<div class=\"elementor-element elementor-element-a0f2132 ui-e-left ui-e-align-left ui-e-align-tablet-left ui-e-align-mobile-left elementor-widget elementor-widget-uicore-icon-box\" data-id=\"a0f2132\" data-element_type=\"widget\" data-e-type=\"widget\" data-settings=\"{&quot;position&quot;:&quot;left&quot;,&quot;content_padding&quot;:{&quot;unit&quot;:&quot;px&quot;,&quot;top&quot;:&quot;&quot;,&quot;right&quot;:&quot;&quot;,&quot;bottom&quot;:&quot;&quot;,&quot;left&quot;:&quot;&quot;,&quot;isLinked&quot;:true},&quot;content_padding_tablet&quot;:{&quot;unit&quot;:&quot;px&quot;,&quot;top&quot;:&quot;&quot;,&quot;right&quot;:&quot;&quot;,&quot;bottom&quot;:&quot;&quot;,&quot;left&quot;:&quot;&quot;,&quot;isLinked&quot;:true},&quot;content_padding_mobile&quot;:{&quot;unit&quot;:&quot;px&quot;,&quot;top&quot;:&quot;&quot;,&quot;right&quot;:&quot;&quot;,&quot;bottom&quot;:&quot;&quot;,&quot;left&quot;:&quot;&quot;,&quot;isLinked&quot;:true}}\" data-widget_type=\"uicore-icon-box.default\">\n\t\t\t\t\t\n        <div class=\"ui-e-ico-box\" >\n\n            \n            <div class='ui-e-flex-wrp'>\n\n                                    <div class=\"ui-e-icon-wrp\">\n\n                        <img fetchpriority=\"high\" decoding=\"async\" width=\"512\" height=\"512\" src=\"https:\/\/voipstudio.com\/wp-content\/uploads\/2025\/07\/cropped-voipstudio_favicon_black.png\" class=\"attachment-large size-large\" alt=\"\" srcset=\"https:\/\/voipstudio.com\/wp-content\/uploads\/2025\/07\/cropped-voipstudio_favicon_black.png 512w, https:\/\/voipstudio.com\/wp-content\/uploads\/2025\/07\/cropped-voipstudio_favicon_black-300x300.png 300w, https:\/\/voipstudio.com\/wp-content\/uploads\/2025\/07\/cropped-voipstudio_favicon_black-150x150.png 150w, https:\/\/voipstudio.com\/wp-content\/uploads\/2025\/07\/cropped-voipstudio_favicon_black-270x270.png 270w, https:\/\/voipstudio.com\/wp-content\/uploads\/2025\/07\/cropped-voipstudio_favicon_black-192x192.png 192w, https:\/\/voipstudio.com\/wp-content\/uploads\/2025\/07\/cropped-voipstudio_favicon_black-180x180.png 180w, https:\/\/voipstudio.com\/wp-content\/uploads\/2025\/07\/cropped-voipstudio_favicon_black-32x32.png 32w\" sizes=\"(max-width: 512px) 100vw, 512px\" \/>\n                    <\/div>\n                \n                \n            <\/div>\n\n            <div class=\"ui-e-box-content\">\n                <div class=\"ui-e-title-wrp\"><p class=\"ui-e-title\">Subskrypcja e-mail VoIPstudio<\/p><\/div>\n                <div class=\"ui-e-description\">\n                    <p><b>Aktualizuj preferencje<\/b><\/p>                <\/div>\n\n                \n            <\/div>\n        <\/div>\n\t\t\t\t<\/div>\n\t\t\t\t<\/div>\n\t\t<div class=\"elementor-element elementor-element-301bbe4 e-con-full e-flex e-con e-child\" data-id=\"301bbe4\" data-element_type=\"container\" data-e-type=\"container\">\n\t\t\t\t<div class=\"elementor-element elementor-element-c81597b elementor-align-left elementor-widget__width-auto elementor-widget elementor-widget-button\" data-id=\"c81597b\" data-element_type=\"widget\" data-e-type=\"widget\" data-widget_type=\"button.default\">\n\t\t\t\t\t\t\t\t\t\t<a class=\"elementor-button elementor-button-link elementor-size-sm\" href=\"\/\">\n\t\t\t\t\t\t<span class=\"elementor-button-content-wrapper\">\n\t\t\t\t\t\t<span class=\"elementor-button-icon\">\n\t\t\t\t<i aria-hidden=\"true\" class=\"ri ri-arrow-left-line\"><\/i>\t\t\t<\/span>\n\t\t\t\t\t\t\t\t\t<span class=\"elementor-button-text\">Powr\u00f3t do strony g\u0142\u00f3wnej <\/span>\n\t\t\t\t\t<\/span>\n\t\t\t\t\t<\/a>\n\t\t\t\t\t\t\t\t<\/div>\n\t\t\t\t<\/div>\n\t\t\t\t\t<\/div>\n\t\t\t\t<\/div>\n\t\t<div class=\"elementor-element elementor-element-f65b507 e-flex e-con-boxed e-con e-parent\" data-id=\"f65b507\" data-element_type=\"container\" data-e-type=\"container\">\n\t\t\t\t\t<div class=\"e-con-inner\">\n\t\t<div class=\"elementor-element elementor-element-a1dd10d e-con-full e-flex e-con e-child\" data-id=\"a1dd10d\" data-element_type=\"container\" data-e-type=\"container\">\n\t\t\t\t<div class=\"elementor-element elementor-element-23a5d78 elementor-widget elementor-widget-heading\" data-id=\"23a5d78\" data-element_type=\"widget\" data-e-type=\"widget\" data-widget_type=\"heading.default\">\n\t\t\t\t\t<h1 class=\"elementor-heading-title elementor-size-default\">Aktualizuj preferencje e-mail dla:<\/h1>\t\t\t\t<\/div>\n\t\t\t\t<div class=\"elementor-element elementor-element-e8f7951 l7-text-email elementor-widget elementor-widget-text-editor\" data-id=\"e8f7951\" data-element_type=\"widget\" data-e-type=\"widget\" data-widget_type=\"text-editor.default\">\n\t\t\t\t\t\t\t\t\t<p>&#8230;<\/p>\t\t\t\t\t\t\t\t<\/div>\n\t\t\t\t<div class=\"elementor-element elementor-element-6629007 ui-e-submit-align--stretch elementor-widget elementor-widget-uicore-contact-form\" data-id=\"6629007\" data-element_type=\"widget\" data-e-type=\"widget\" data-widget_type=\"uicore-contact-form.default\">\n\t\t\t\t\t\n        <form class=\"ui-e-form\" method=\"post\" name=\"New Form\">\n\n            <input type=\"hidden\" name=\"post_id\" value=\"31920\" \/>\n            <input type=\"hidden\" name=\"widget_type\" value=\"contact-form\">\n\n            <input type=\"hidden\" name=\"required_fields_message\" value=\"Fill all required fields.\">\n\n            <div class=\"ui-e-fields-wrp\">\n\n                \n                    <div class=\"ui-e-field-type-checkbox ui-e-field-group elementor-column ui-e-field-group-name elementor-col-100\">\n                        <div class=\"ui-e-field-subgroup l7-checkbox-product \"><span class=\"ui-e-field-option\"><input type=\"checkbox\" value=\"E-maile dotycz\u0105ce produktu\" id=\"form-field-name-0\" name=\"form_fields[name]\"> <label for=\"form-field-name-0\">E-maile dotycz\u0105ce produktu<\/label><\/span><\/div>                    <\/div>\n\n                \n                <div class=\"ui-e-field-group elementor-column ui-e-field-type-submit elementor-col-100 e-form__buttons\">\n                    <button type=\"submit\" class=\"elementor-button\" id=\"hide-submit\">\n                        <span >\n                                                            <span class=\"\">\n                                                                                                        <\/span>\n                                                                                        <span class=\"ui-e-text\">Wy\u015blij<\/span>\n                                                    <\/span>\n                    <\/button>\n                <\/div>\n\n            <\/div>\n\n            <div class=\"ui-e-message \">\n                            <\/div>\n        <\/form>\n                <script>\n            window.ui_e_form_validation_messages = {\"required_fields\":\"Fill all required fields.\"};\n        <\/script>\n\t\t\t\t<\/div>\n\t\t\t\t<div class=\"elementor-element elementor-element-41c6a80 elementor-widget elementor-widget-text-editor\" data-id=\"41c6a80\" data-element_type=\"widget\" data-e-type=\"widget\" data-widget_type=\"text-editor.default\">\n\t\t\t\t\t\t\t\t\t<p>Rozpocz\u0119cie pracy, aktualizacje produktu i informacje o wydaniach<\/p>\t\t\t\t\t\t\t\t<\/div>\n\t\t\t\t<div class=\"elementor-element elementor-element-3491e27 ui-e-submit-align--stretch elementor-widget elementor-widget-uicore-contact-form\" data-id=\"3491e27\" data-element_type=\"widget\" data-e-type=\"widget\" data-widget_type=\"uicore-contact-form.default\">\n\t\t\t\t\t\n        <form class=\"ui-e-form\" method=\"post\" name=\"New Form\">\n\n            <input type=\"hidden\" name=\"post_id\" value=\"31920\" \/>\n            <input type=\"hidden\" name=\"widget_type\" value=\"contact-form\">\n\n            <input type=\"hidden\" name=\"required_fields_message\" value=\"Fill all required fields.\">\n\n            <div class=\"ui-e-fields-wrp\">\n\n                \n                    <div class=\"ui-e-field-type-checkbox ui-e-field-group elementor-column ui-e-field-group-name elementor-col-100\">\n                        <div class=\"ui-e-field-subgroup l7-checkbox-marketing \"><span class=\"ui-e-field-option\"><input type=\"checkbox\" value=\"E-maile marketingowe\" id=\"form-field-name-0\" name=\"form_fields[name]\"> <label for=\"form-field-name-0\">E-maile marketingowe<\/label><\/span><\/div>                    <\/div>\n\n                \n                <div class=\"ui-e-field-group elementor-column ui-e-field-type-submit elementor-col-100 e-form__buttons\">\n                    <button type=\"submit\" class=\"elementor-button\" id=\"hide-submit\">\n                        <span >\n                                                            <span class=\"\">\n                                                                                                        <\/span>\n                                                                                        <span class=\"ui-e-text\">Wy\u015blij<\/span>\n                                                    <\/span>\n                    <\/button>\n                <\/div>\n\n            <\/div>\n\n            <div class=\"ui-e-message \">\n                            <\/div>\n        <\/form>\n                <script>\n            window.ui_e_form_validation_messages = {\"required_fields\":\"Fill all required fields.\"};\n        <\/script>\n\t\t\t\t<\/div>\n\t\t\t\t<div class=\"elementor-element elementor-element-30cb925 elementor-widget elementor-widget-text-editor\" data-id=\"30cb925\" data-element_type=\"widget\" data-e-type=\"widget\" data-widget_type=\"text-editor.default\">\n\t\t\t\t\t\t\t\t\t<p>Wiadomo\u015bci, promocje i oferty specjalne<\/p>\t\t\t\t\t\t\t\t<\/div>\n\t\t<div class=\"elementor-element elementor-element-db47b4a e-con-full e-flex e-con e-child\" data-id=\"db47b4a\" data-element_type=\"container\" data-e-type=\"container\">\n\t\t\t\t<div class=\"elementor-element elementor-element-d0179d1 elementor-widget__width-auto elementor-widget elementor-widget-button\" data-id=\"d0179d1\" data-element_type=\"widget\" data-e-type=\"widget\" data-widget_type=\"button.default\">\n\t\t\t\t\t\t\t\t\t\t<a class=\"elementor-button elementor-size-sm\" role=\"button\" id=\"l7-button-update\">\n\t\t\t\t\t\t<span class=\"elementor-button-content-wrapper\">\n\t\t\t\t\t\t\t\t\t<span class=\"elementor-button-text\">Aktualizuj<\/span>\n\t\t\t\t\t<\/span>\n\t\t\t\t\t<\/a>\n\t\t\t\t\t\t\t\t<\/div>\n\t\t\t\t<div class=\"elementor-element elementor-element-fbf5b0b elementor-widget__width-auto elementor-widget elementor-widget-button\" data-id=\"fbf5b0b\" data-element_type=\"widget\" data-e-type=\"widget\" data-widget_type=\"button.default\">\n\t\t\t\t\t\t\t\t\t\t<a class=\"elementor-button elementor-size-sm\" role=\"button\" id=\"l7-button-unsubscribe\">\n\t\t\t\t\t\t<span class=\"elementor-button-content-wrapper\">\n\t\t\t\t\t\t\t\t\t<span class=\"elementor-button-text\">Anuluj wszystkie subskrypcje<\/span>\n\t\t\t\t\t<\/span>\n\t\t\t\t\t<\/a>\n\t\t\t\t\t\t\t\t<\/div>\n\t\t\t\t<\/div>\n\t\t<div class=\"elementor-element elementor-element-d57c440 e-con-full e-flex e-con e-child\" data-id=\"d57c440\" data-element_type=\"container\" data-e-type=\"container\">\n\t\t\t\t<div class=\"elementor-element elementor-element-f2b877f elementor-widget elementor-widget-html\" data-id=\"f2b877f\" data-element_type=\"widget\" data-e-type=\"widget\" data-widget_type=\"html.default\">\n\t\t\t\t\t<div class=\"l7-text-info\">&nbsp;<\/div>\t\t\t\t<\/div>\n\t\t\t\t<\/div>\n\t\t\t\t<\/div>\n\t\t\t\t\t<\/div>\n\t\t\t\t<\/div>\n\t\t\t\t<\/div>\n\t\t","protected":false},"excerpt":{"rendered":"<p>Subskrypcja e-mail VoIPstudio Aktualizuj preferencje Powr\u00f3t do strony g\u0142\u00f3wnej Aktualizuj preferencje e-mail dla: &#8230; E-maile dotycz\u0105ce produktu Wy\u015blij Rozpocz\u0119cie pracy, aktualizacje produktu [&hellip;]<\/p>\n","protected":false},"author":3,"featured_media":19217,"parent":0,"menu_order":0,"comment_status":"closed","ping_status":"closed","template":"elementor_canvas","meta":{"inline_featured_image":false,"footnotes":""},"class_list":["post-42074","page","type-page","status-publish","has-post-thumbnail","hentry"],"yoast_head":"<!-- This site is optimized with the Yoast SEO Premium plugin v27.4 (Yoast SEO v27.4) - https:\/\/yoast.com\/product\/yoast-seo-premium-wordpress\/ -->\n<title>Subskrypcja e-mail &#183; VoIPstudio<\/title>\n<meta name=\"description\" content=\"Wybierz, kt\u00f3re e-maile od VoIPstudio chcesz otrzymywa\u0107 lub ca\u0142kowicie zrezygnuj z aktualizacji marketingowych i produktowych. Twoja skrzynka, Twoje zasady.\" \/>\n<meta name=\"robots\" content=\"index, follow, max-snippet:-1, max-image-preview:large, max-video-preview:-1\" \/>\n<link rel=\"canonical\" href=\"https:\/\/voipstudio.com\/pl\/subskrypcja\/\" \/>\n<meta property=\"og:locale\" content=\"pl_PL\" \/>\n<meta property=\"og:type\" content=\"article\" \/>\n<meta property=\"og:title\" content=\"Subskrypcja e-mail\" \/>\n<meta property=\"og:description\" content=\"Wybierz, kt\u00f3re e-maile od VoIPstudio chcesz otrzymywa\u0107 lub ca\u0142kowicie zrezygnuj z aktualizacji marketingowych i produktowych. Twoja skrzynka, Twoje zasady.\" \/>\n<meta property=\"og:url\" content=\"https:\/\/voipstudio.com\/pl\/subskrypcja\/\" \/>\n<meta property=\"og:site_name\" content=\"VoIPstudio\" \/>\n<meta property=\"article:publisher\" content=\"https:\/\/www.facebook.com\/voipstudio\" \/>\n<meta property=\"article:modified_time\" content=\"2025-12-16T10:43:46+00:00\" \/>\n<meta property=\"og:image\" content=\"https:\/\/voipstudio.com\/wp-content\/uploads\/2025\/09\/fallback-featured-image-posts.png\" \/>\n\t<meta property=\"og:image:width\" content=\"1200\" \/>\n\t<meta property=\"og:image:height\" content=\"628\" \/>\n\t<meta property=\"og:image:type\" content=\"image\/png\" \/>\n<meta name=\"twitter:card\" content=\"summary_large_image\" \/>\n<meta name=\"twitter:site\" content=\"@voipstudio\" \/>\n<script type=\"application\/ld+json\" class=\"yoast-schema-graph\">{\"@context\":\"https:\\\/\\\/schema.org\",\"@graph\":[{\"@type\":\"WebPage\",\"@id\":\"https:\\\/\\\/voipstudio.com\\\/pl\\\/subskrypcja\\\/\",\"url\":\"https:\\\/\\\/voipstudio.com\\\/pl\\\/subskrypcja\\\/\",\"name\":\"Subskrypcja e-mail &#183; VoIPstudio\",\"isPartOf\":{\"@id\":\"https:\\\/\\\/voipstudio.com\\\/pl\\\/#website\"},\"primaryImageOfPage\":{\"@id\":\"https:\\\/\\\/voipstudio.com\\\/pl\\\/subskrypcja\\\/#primaryimage\"},\"image\":{\"@id\":\"https:\\\/\\\/voipstudio.com\\\/pl\\\/subskrypcja\\\/#primaryimage\"},\"thumbnailUrl\":\"https:\\\/\\\/voipstudio.com\\\/wp-content\\\/uploads\\\/2025\\\/09\\\/fallback-featured-image-posts.png\",\"datePublished\":\"2025-12-04T11:27:40+00:00\",\"dateModified\":\"2025-12-16T10:43:46+00:00\",\"description\":\"Wybierz, kt\u00f3re e-maile od VoIPstudio chcesz otrzymywa\u0107 lub ca\u0142kowicie zrezygnuj z aktualizacji marketingowych i produktowych. Twoja skrzynka, Twoje zasady.\",\"breadcrumb\":{\"@id\":\"https:\\\/\\\/voipstudio.com\\\/pl\\\/subskrypcja\\\/#breadcrumb\"},\"inLanguage\":\"pl-PL\",\"potentialAction\":[{\"@type\":\"ReadAction\",\"target\":[\"https:\\\/\\\/voipstudio.com\\\/pl\\\/subskrypcja\\\/\"]}]},{\"@type\":\"ImageObject\",\"inLanguage\":\"pl-PL\",\"@id\":\"https:\\\/\\\/voipstudio.com\\\/pl\\\/subskrypcja\\\/#primaryimage\",\"url\":\"https:\\\/\\\/voipstudio.com\\\/wp-content\\\/uploads\\\/2025\\\/09\\\/fallback-featured-image-posts.png\",\"contentUrl\":\"https:\\\/\\\/voipstudio.com\\\/wp-content\\\/uploads\\\/2025\\\/09\\\/fallback-featured-image-posts.png\",\"width\":1200,\"height\":628},{\"@type\":\"BreadcrumbList\",\"@id\":\"https:\\\/\\\/voipstudio.com\\\/pl\\\/subskrypcja\\\/#breadcrumb\",\"itemListElement\":[{\"@type\":\"ListItem\",\"position\":1,\"name\":\"Home\",\"item\":\"https:\\\/\\\/voipstudio.com\\\/pl\\\/\"},{\"@type\":\"ListItem\",\"position\":2,\"name\":\"Subskrypcja e-mail\"}]},{\"@type\":\"WebSite\",\"@id\":\"https:\\\/\\\/voipstudio.com\\\/pl\\\/#website\",\"url\":\"https:\\\/\\\/voipstudio.com\\\/pl\\\/\",\"name\":\"VoIPstudio\",\"description\":\"Business communications for modern teams\",\"publisher\":{\"@id\":\"https:\\\/\\\/voipstudio.com\\\/pl\\\/#organization\"},\"potentialAction\":[{\"@type\":\"SearchAction\",\"target\":{\"@type\":\"EntryPoint\",\"urlTemplate\":\"https:\\\/\\\/voipstudio.com\\\/pl\\\/?s={search_term_string}\"},\"query-input\":{\"@type\":\"PropertyValueSpecification\",\"valueRequired\":true,\"valueName\":\"search_term_string\"}}],\"inLanguage\":\"pl-PL\"},{\"@type\":\"Organization\",\"@id\":\"https:\\\/\\\/voipstudio.com\\\/pl\\\/#organization\",\"name\":\"VoIPstudio\",\"url\":\"https:\\\/\\\/voipstudio.com\\\/pl\\\/\",\"logo\":{\"@type\":\"ImageObject\",\"inLanguage\":\"pl-PL\",\"@id\":\"https:\\\/\\\/voipstudio.com\\\/pl\\\/#\\\/schema\\\/logo\\\/image\\\/\",\"url\":\"https:\\\/\\\/voipstudio.com\\\/wp-content\\\/uploads\\\/2025\\\/07\\\/voipstudio_logo_black-1.png\",\"contentUrl\":\"https:\\\/\\\/voipstudio.com\\\/wp-content\\\/uploads\\\/2025\\\/07\\\/voipstudio_logo_black-1.png\",\"width\":1961,\"height\":379,\"caption\":\"VoIPstudio\"},\"image\":{\"@id\":\"https:\\\/\\\/voipstudio.com\\\/pl\\\/#\\\/schema\\\/logo\\\/image\\\/\"},\"sameAs\":[\"https:\\\/\\\/www.facebook.com\\\/voipstudio\",\"https:\\\/\\\/x.com\\\/voipstudio\",\"https:\\\/\\\/www.linkedin.com\\\/company\\\/voipstudio-com\\\/\"],\"description\":\"A limited company registered in England under company number 6978512, whose registered address is Gable House, 18-24 Turnham Green Terrace, W4 1QP London, United Kingdom.\",\"email\":\"marketing@voipstudio.com\",\"telephone\":\"+44 203 432 9230\",\"legalName\":\"Level 7 Systems\",\"foundingDate\":\"2009-08-03\",\"vatID\":\"GB982288750\",\"taxID\":\"6978512\",\"iso6523Code\":\"A8087849\",\"numberOfEmployees\":{\"@type\":\"QuantitativeValue\",\"minValue\":\"11\",\"maxValue\":\"50\"}}]}<\/script>\n<!-- \/ Yoast SEO Premium plugin. -->","yoast_head_json":{"title":"Subskrypcja e-mail &#183; VoIPstudio","description":"Wybierz, kt\u00f3re e-maile od VoIPstudio chcesz otrzymywa\u0107 lub ca\u0142kowicie zrezygnuj z aktualizacji marketingowych i produktowych. Twoja skrzynka, Twoje zasady.","robots":{"index":"index","follow":"follow","max-snippet":"max-snippet:-1","max-image-preview":"max-image-preview:large","max-video-preview":"max-video-preview:-1"},"canonical":"https:\/\/voipstudio.com\/pl\/subskrypcja\/","og_locale":"pl_PL","og_type":"article","og_title":"Subskrypcja e-mail","og_description":"Wybierz, kt\u00f3re e-maile od VoIPstudio chcesz otrzymywa\u0107 lub ca\u0142kowicie zrezygnuj z aktualizacji marketingowych i produktowych. Twoja skrzynka, Twoje zasady.","og_url":"https:\/\/voipstudio.com\/pl\/subskrypcja\/","og_site_name":"VoIPstudio","article_publisher":"https:\/\/www.facebook.com\/voipstudio","article_modified_time":"2025-12-16T10:43:46+00:00","og_image":[{"width":1200,"height":628,"url":"https:\/\/voipstudio.com\/wp-content\/uploads\/2025\/09\/fallback-featured-image-posts.png","type":"image\/png"}],"twitter_card":"summary_large_image","twitter_site":"@voipstudio","schema":{"@context":"https:\/\/schema.org","@graph":[{"@type":"WebPage","@id":"https:\/\/voipstudio.com\/pl\/subskrypcja\/","url":"https:\/\/voipstudio.com\/pl\/subskrypcja\/","name":"Subskrypcja e-mail &#183; VoIPstudio","isPartOf":{"@id":"https:\/\/voipstudio.com\/pl\/#website"},"primaryImageOfPage":{"@id":"https:\/\/voipstudio.com\/pl\/subskrypcja\/#primaryimage"},"image":{"@id":"https:\/\/voipstudio.com\/pl\/subskrypcja\/#primaryimage"},"thumbnailUrl":"https:\/\/voipstudio.com\/wp-content\/uploads\/2025\/09\/fallback-featured-image-posts.png","datePublished":"2025-12-04T11:27:40+00:00","dateModified":"2025-12-16T10:43:46+00:00","description":"Wybierz, kt\u00f3re e-maile od VoIPstudio chcesz otrzymywa\u0107 lub ca\u0142kowicie zrezygnuj z aktualizacji marketingowych i produktowych. Twoja skrzynka, Twoje zasady.","breadcrumb":{"@id":"https:\/\/voipstudio.com\/pl\/subskrypcja\/#breadcrumb"},"inLanguage":"pl-PL","potentialAction":[{"@type":"ReadAction","target":["https:\/\/voipstudio.com\/pl\/subskrypcja\/"]}]},{"@type":"ImageObject","inLanguage":"pl-PL","@id":"https:\/\/voipstudio.com\/pl\/subskrypcja\/#primaryimage","url":"https:\/\/voipstudio.com\/wp-content\/uploads\/2025\/09\/fallback-featured-image-posts.png","contentUrl":"https:\/\/voipstudio.com\/wp-content\/uploads\/2025\/09\/fallback-featured-image-posts.png","width":1200,"height":628},{"@type":"BreadcrumbList","@id":"https:\/\/voipstudio.com\/pl\/subskrypcja\/#breadcrumb","itemListElement":[{"@type":"ListItem","position":1,"name":"Home","item":"https:\/\/voipstudio.com\/pl\/"},{"@type":"ListItem","position":2,"name":"Subskrypcja e-mail"}]},{"@type":"WebSite","@id":"https:\/\/voipstudio.com\/pl\/#website","url":"https:\/\/voipstudio.com\/pl\/","name":"VoIPstudio","description":"Business communications for modern teams","publisher":{"@id":"https:\/\/voipstudio.com\/pl\/#organization"},"potentialAction":[{"@type":"SearchAction","target":{"@type":"EntryPoint","urlTemplate":"https:\/\/voipstudio.com\/pl\/?s={search_term_string}"},"query-input":{"@type":"PropertyValueSpecification","valueRequired":true,"valueName":"search_term_string"}}],"inLanguage":"pl-PL"},{"@type":"Organization","@id":"https:\/\/voipstudio.com\/pl\/#organization","name":"VoIPstudio","url":"https:\/\/voipstudio.com\/pl\/","logo":{"@type":"ImageObject","inLanguage":"pl-PL","@id":"https:\/\/voipstudio.com\/pl\/#\/schema\/logo\/image\/","url":"https:\/\/voipstudio.com\/wp-content\/uploads\/2025\/07\/voipstudio_logo_black-1.png","contentUrl":"https:\/\/voipstudio.com\/wp-content\/uploads\/2025\/07\/voipstudio_logo_black-1.png","width":1961,"height":379,"caption":"VoIPstudio"},"image":{"@id":"https:\/\/voipstudio.com\/pl\/#\/schema\/logo\/image\/"},"sameAs":["https:\/\/www.facebook.com\/voipstudio","https:\/\/x.com\/voipstudio","https:\/\/www.linkedin.com\/company\/voipstudio-com\/"],"description":"A limited company registered in England under company number 6978512, whose registered address is Gable House, 18-24 Turnham Green Terrace, W4 1QP London, United Kingdom.","email":"marketing@voipstudio.com","telephone":"+44 203 432 9230","legalName":"Level 7 Systems","foundingDate":"2009-08-03","vatID":"GB982288750","taxID":"6978512","iso6523Code":"A8087849","numberOfEmployees":{"@type":"QuantitativeValue","minValue":"11","maxValue":"50"}}]}},"_links":{"self":[{"href":"https:\/\/voipstudio.com\/pl\/wp-json\/wp\/v2\/pages\/42074","targetHints":{"allow":["GET"]}}],"collection":[{"href":"https:\/\/voipstudio.com\/pl\/wp-json\/wp\/v2\/pages"}],"about":[{"href":"https:\/\/voipstudio.com\/pl\/wp-json\/wp\/v2\/types\/page"}],"author":[{"embeddable":true,"href":"https:\/\/voipstudio.com\/pl\/wp-json\/wp\/v2\/users\/3"}],"replies":[{"embeddable":true,"href":"https:\/\/voipstudio.com\/pl\/wp-json\/wp\/v2\/comments?post=42074"}],"version-history":[{"count":6,"href":"https:\/\/voipstudio.com\/pl\/wp-json\/wp\/v2\/pages\/42074\/revisions"}],"predecessor-version":[{"id":42590,"href":"https:\/\/voipstudio.com\/pl\/wp-json\/wp\/v2\/pages\/42074\/revisions\/42590"}],"wp:featuredmedia":[{"embeddable":true,"href":"https:\/\/voipstudio.com\/pl\/wp-json\/wp\/v2\/media\/19217"}],"wp:attachment":[{"href":"https:\/\/voipstudio.com\/pl\/wp-json\/wp\/v2\/media?parent=42074"}],"curies":[{"name":"wp","href":"https:\/\/api.w.org\/{rel}","templated":true}]}}