{"id":33701,"date":"2025-07-28T11:00:30","date_gmt":"2025-07-28T10:00:30","guid":{"rendered":"https:\/\/voipstudio.com\/404-2\/"},"modified":"2025-09-30T13:07:28","modified_gmt":"2025-09-30T12:07:28","slug":"404-2","status":"publish","type":"page","link":"https:\/\/voipstudio.com\/pt\/404-2\/","title":{"rendered":"404"},"content":{"rendered":"\t\t<div data-elementor-type=\"wp-page\" data-elementor-id=\"33701\" class=\"elementor elementor-33701 elementor-181\" data-elementor-settings=\"{&quot;element_pack_global_tooltip_width&quot;:{&quot;unit&quot;:&quot;px&quot;,&quot;size&quot;:&quot;&quot;,&quot;sizes&quot;:[]},&quot;element_pack_global_tooltip_width_tablet&quot;:{&quot;unit&quot;:&quot;px&quot;,&quot;size&quot;:&quot;&quot;,&quot;sizes&quot;:[]},&quot;element_pack_global_tooltip_width_mobile&quot;:{&quot;unit&quot;:&quot;px&quot;,&quot;size&quot;:&quot;&quot;,&quot;sizes&quot;:[]},&quot;element_pack_global_tooltip_padding&quot;:{&quot;unit&quot;:&quot;px&quot;,&quot;top&quot;:&quot;&quot;,&quot;right&quot;:&quot;&quot;,&quot;bottom&quot;:&quot;&quot;,&quot;left&quot;:&quot;&quot;,&quot;isLinked&quot;:true},&quot;element_pack_global_tooltip_padding_tablet&quot;:{&quot;unit&quot;:&quot;px&quot;,&quot;top&quot;:&quot;&quot;,&quot;right&quot;:&quot;&quot;,&quot;bottom&quot;:&quot;&quot;,&quot;left&quot;:&quot;&quot;,&quot;isLinked&quot;:true},&quot;element_pack_global_tooltip_padding_mobile&quot;:{&quot;unit&quot;:&quot;px&quot;,&quot;top&quot;:&quot;&quot;,&quot;right&quot;:&quot;&quot;,&quot;bottom&quot;:&quot;&quot;,&quot;left&quot;:&quot;&quot;,&quot;isLinked&quot;:true},&quot;element_pack_global_tooltip_border_radius&quot;:{&quot;unit&quot;:&quot;px&quot;,&quot;top&quot;:&quot;&quot;,&quot;right&quot;:&quot;&quot;,&quot;bottom&quot;:&quot;&quot;,&quot;left&quot;:&quot;&quot;,&quot;isLinked&quot;:true},&quot;element_pack_global_tooltip_border_radius_tablet&quot;:{&quot;unit&quot;:&quot;px&quot;,&quot;top&quot;:&quot;&quot;,&quot;right&quot;:&quot;&quot;,&quot;bottom&quot;:&quot;&quot;,&quot;left&quot;:&quot;&quot;,&quot;isLinked&quot;:true},&quot;element_pack_global_tooltip_border_radius_mobile&quot;:{&quot;unit&quot;:&quot;px&quot;,&quot;top&quot;:&quot;&quot;,&quot;right&quot;:&quot;&quot;,&quot;bottom&quot;:&quot;&quot;,&quot;left&quot;:&quot;&quot;,&quot;isLinked&quot;:true}}\" data-elementor-post-type=\"page\">\n\t\t\t\t<div class=\"elementor-element elementor-element-7343b3c e-flex e-con-boxed e-con e-parent\" data-id=\"7343b3c\" data-element_type=\"container\" data-e-type=\"container\">\n\t\t\t\t\t<div class=\"e-con-inner\">\n\t\t\t\t<div class=\"elementor-element elementor-element-9e9d525 elementor-widget elementor-widget-image\" data-id=\"9e9d525\" data-element_type=\"widget\" data-e-type=\"widget\" data-widget_type=\"image.default\">\n\t\t\t\t\t\t\t\t\t\t\t\t\t\t\t<img fetchpriority=\"high\" decoding=\"async\" width=\"1575\" height=\"595\" src=\"https:\/\/voipstudio.com\/wp-content\/uploads\/2025\/07\/OldPhoneNotResponding404.png\" class=\"attachment-full size-full wp-image-33700\" alt=\"\" srcset=\"https:\/\/voipstudio.com\/wp-content\/uploads\/2025\/07\/OldPhoneNotResponding404.png 1575w, https:\/\/voipstudio.com\/wp-content\/uploads\/2025\/07\/OldPhoneNotResponding404-300x113.png 300w, https:\/\/voipstudio.com\/wp-content\/uploads\/2025\/07\/OldPhoneNotResponding404-1024x387.png 1024w, https:\/\/voipstudio.com\/wp-content\/uploads\/2025\/07\/OldPhoneNotResponding404-768x290.png 768w, https:\/\/voipstudio.com\/wp-content\/uploads\/2025\/07\/OldPhoneNotResponding404-1536x580.png 1536w, https:\/\/voipstudio.com\/wp-content\/uploads\/2025\/07\/OldPhoneNotResponding404-650x246.png 650w\" sizes=\"(max-width: 1575px) 100vw, 1575px\" \/>\t\t\t\t\t\t\t\t\t\t\t\t\t\t\t<\/div>\n\t\t\t\t<div class=\"elementor-element elementor-element-fa26474 elementor-widget elementor-widget-text-editor\" data-id=\"fa26474\" data-element_type=\"widget\" data-e-type=\"widget\" data-widget_type=\"text-editor.default\">\n\t\t\t\t\t\t\t\t\t\n          <p>P\u00e1gina n\u00e3o encontrada<\/p>\n        \t\t\t\t\t\t\t\t<\/div>\n\t\t\t\t<div class=\"elementor-element elementor-element-ffbfd42 elementor-widget elementor-widget-heading\" data-id=\"ffbfd42\" data-element_type=\"widget\" data-e-type=\"widget\" data-widget_type=\"heading.default\">\n\t\t\t\t\t<h1 class=\"elementor-heading-title elementor-size-default\">Esta p\u00e1gina n\u00e3o est\u00e1 a responder...<\/h1>\t\t\t\t<\/div>\n\t\t\t\t<div class=\"elementor-element elementor-element-1ca27d0 elementor-widget__width-initial elementor-widget elementor-widget-text-editor\" data-id=\"1ca27d0\" data-element_type=\"widget\" data-e-type=\"widget\" data-widget_type=\"text-editor.default\">\n\t\t\t\t\t\t\t\t\t<p>Esta p\u00e1gina n\u00e3o existe, mas o nosso sistema telef\u00f3nico na nuvem continua a funcionar na perfei\u00e7\u00e3o. Vamos redirecion\u00e1-lo!<\/p>\t\t\t\t\t\t\t\t<\/div>\n\t\t<div class=\"elementor-element elementor-element-b8fde24 e-con-full e-flex e-con e-child\" data-id=\"b8fde24\" data-element_type=\"container\" data-e-type=\"container\">\n\t\t\t\t<div class=\"elementor-element elementor-element-fda644a elementor-widget__width-auto elementor-widget elementor-widget-button\" data-id=\"fda644a\" data-element_type=\"widget\" data-e-type=\"widget\" data-widget_type=\"button.default\">\n\t\t\t\t\t\t\t\t\t\t<a class=\"elementor-button elementor-button-link elementor-size-sm\" href=\"\/pt\/\">\n\t\t\t\t\t\t<span class=\"elementor-button-content-wrapper\">\n\t\t\t\t\t\t<span class=\"elementor-button-icon\">\n\t\t\t\t<i aria-hidden=\"true\" class=\"lu lu-arrow-right\"><\/i>\t\t\t<\/span>\n\t\t\t\t\t\t\t\t\t<span class=\"elementor-button-text\">In\u00edcio<\/span>\n\t\t\t\t\t<\/span>\n\t\t\t\t\t<\/a>\n\t\t\t\t\t\t\t\t<\/div>\n\t\t\t\t<div class=\"elementor-element elementor-element-d9eee87 elementor-widget__width-auto elementor-widget elementor-widget-button\" data-id=\"d9eee87\" data-element_type=\"widget\" data-e-type=\"widget\" data-widget_type=\"button.default\">\n\t\t\t\t\t\t\t\t\t\t<a class=\"elementor-button elementor-button-link elementor-size-sm\" href=\"\/pt\/contacte-nos\/\">\n\t\t\t\t\t\t<span class=\"elementor-button-content-wrapper\">\n\t\t\t\t\t\t\t\t\t<span class=\"elementor-button-text\">Contacte-nos<\/span>\n\t\t\t\t\t<\/span>\n\t\t\t\t\t<\/a>\n\t\t\t\t\t\t\t\t<\/div>\n\t\t\t\t<\/div>\n\t\t\t\t\t<\/div>\n\t\t\t\t<\/div>\n\t\t\t\t<\/div>\n\t\t","protected":false},"excerpt":{"rendered":"<p>P\u00e1gina n\u00e3o encontrada Esta p\u00e1gina n\u00e3o est\u00e1 a responder&#8230; Esta p\u00e1gina n\u00e3o existe, mas o nosso sistema telef\u00f3nico na nuvem continua a [&hellip;]<\/p>\n","protected":false},"author":3,"featured_media":19217,"parent":0,"menu_order":0,"comment_status":"closed","ping_status":"closed","template":"","meta":{"inline_featured_image":false,"footnotes":""},"class_list":["post-33701","page","type-page","status-publish","has-post-thumbnail","hentry"],"yoast_head":"<!-- This site is optimized with the Yoast SEO Premium plugin v27.4 (Yoast SEO v27.4) - https:\/\/yoast.com\/product\/yoast-seo-premium-wordpress\/ -->\n<title>404 &#183; VoIPstudio<\/title>\n<meta name=\"description\" content=\"O VoIPstudio \u00e9 um sistema telef\u00f3nico empresarial completo e um centro de atendimento escal\u00e1vel com pre\u00e7os para pequenas empresas. Junte-se a milhares de empresas em todo o mundo que j\u00e1 comunicam com o VoIPstudio!\" \/>\n<meta name=\"robots\" content=\"index, follow, max-snippet:-1, max-image-preview:large, max-video-preview:-1\" \/>\n<link rel=\"canonical\" href=\"https:\/\/voipstudio.com\/pt\/404-2\/\" \/>\n<meta property=\"og:locale\" content=\"pt_PT\" \/>\n<meta property=\"og:type\" content=\"article\" \/>\n<meta property=\"og:title\" content=\"404\" \/>\n<meta property=\"og:description\" content=\"O VoIPstudio \u00e9 um sistema telef\u00f3nico empresarial completo e um centro de atendimento escal\u00e1vel com pre\u00e7os para pequenas empresas. Junte-se a milhares de empresas em todo o mundo que j\u00e1 comunicam com o VoIPstudio!\" \/>\n<meta property=\"og:url\" content=\"https:\/\/voipstudio.com\/pt\/404-2\/\" \/>\n<meta property=\"og:site_name\" content=\"VoIPstudio\" \/>\n<meta property=\"article:publisher\" content=\"https:\/\/www.facebook.com\/voipstudio\" \/>\n<meta property=\"article:modified_time\" content=\"2025-09-30T12:07:28+00:00\" \/>\n<meta property=\"og:image\" content=\"https:\/\/voipstudio.com\/wp-content\/uploads\/2025\/09\/fallback-featured-image-posts.png\" \/>\n\t<meta property=\"og:image:width\" content=\"1200\" \/>\n\t<meta property=\"og:image:height\" content=\"628\" \/>\n\t<meta property=\"og:image:type\" content=\"image\/png\" \/>\n<meta name=\"twitter:card\" content=\"summary_large_image\" \/>\n<meta name=\"twitter:site\" content=\"@voipstudio\" \/>\n<meta name=\"twitter:label1\" content=\"Est. reading time\" \/>\n\t<meta name=\"twitter:data1\" content=\"1 minuto\" \/>\n<script type=\"application\/ld+json\" class=\"yoast-schema-graph\">{\"@context\":\"https:\\\/\\\/schema.org\",\"@graph\":[{\"@type\":\"WebPage\",\"@id\":\"https:\\\/\\\/voipstudio.com\\\/pt\\\/404-2\\\/\",\"url\":\"https:\\\/\\\/voipstudio.com\\\/pt\\\/404-2\\\/\",\"name\":\"404 &#183; VoIPstudio\",\"isPartOf\":{\"@id\":\"https:\\\/\\\/voipstudio.com\\\/pt\\\/#website\"},\"primaryImageOfPage\":{\"@id\":\"https:\\\/\\\/voipstudio.com\\\/pt\\\/404-2\\\/#primaryimage\"},\"image\":{\"@id\":\"https:\\\/\\\/voipstudio.com\\\/pt\\\/404-2\\\/#primaryimage\"},\"thumbnailUrl\":\"https:\\\/\\\/voipstudio.com\\\/wp-content\\\/uploads\\\/2025\\\/09\\\/fallback-featured-image-posts.png\",\"datePublished\":\"2025-07-28T10:00:30+00:00\",\"dateModified\":\"2025-09-30T12:07:28+00:00\",\"description\":\"O VoIPstudio \u00e9 um sistema telef\u00f3nico empresarial completo e um centro de atendimento escal\u00e1vel com pre\u00e7os para pequenas empresas. Junte-se a milhares de empresas em todo o mundo que j\u00e1 comunicam com o VoIPstudio!\",\"breadcrumb\":{\"@id\":\"https:\\\/\\\/voipstudio.com\\\/pt\\\/404-2\\\/#breadcrumb\"},\"inLanguage\":\"pt-PT\",\"potentialAction\":[{\"@type\":\"ReadAction\",\"target\":[\"https:\\\/\\\/voipstudio.com\\\/pt\\\/404-2\\\/\"]}]},{\"@type\":\"ImageObject\",\"inLanguage\":\"pt-PT\",\"@id\":\"https:\\\/\\\/voipstudio.com\\\/pt\\\/404-2\\\/#primaryimage\",\"url\":\"https:\\\/\\\/voipstudio.com\\\/wp-content\\\/uploads\\\/2025\\\/09\\\/fallback-featured-image-posts.png\",\"contentUrl\":\"https:\\\/\\\/voipstudio.com\\\/wp-content\\\/uploads\\\/2025\\\/09\\\/fallback-featured-image-posts.png\",\"width\":1200,\"height\":628},{\"@type\":\"BreadcrumbList\",\"@id\":\"https:\\\/\\\/voipstudio.com\\\/pt\\\/404-2\\\/#breadcrumb\",\"itemListElement\":[{\"@type\":\"ListItem\",\"position\":1,\"name\":\"Home\",\"item\":\"https:\\\/\\\/voipstudio.com\\\/pt\\\/\"},{\"@type\":\"ListItem\",\"position\":2,\"name\":\"404\"}]},{\"@type\":\"WebSite\",\"@id\":\"https:\\\/\\\/voipstudio.com\\\/pt\\\/#website\",\"url\":\"https:\\\/\\\/voipstudio.com\\\/pt\\\/\",\"name\":\"VoIPstudio\",\"description\":\"Business communications for modern teams\",\"publisher\":{\"@id\":\"https:\\\/\\\/voipstudio.com\\\/pt\\\/#organization\"},\"potentialAction\":[{\"@type\":\"SearchAction\",\"target\":{\"@type\":\"EntryPoint\",\"urlTemplate\":\"https:\\\/\\\/voipstudio.com\\\/pt\\\/?s={search_term_string}\"},\"query-input\":{\"@type\":\"PropertyValueSpecification\",\"valueRequired\":true,\"valueName\":\"search_term_string\"}}],\"inLanguage\":\"pt-PT\"},{\"@type\":\"Organization\",\"@id\":\"https:\\\/\\\/voipstudio.com\\\/pt\\\/#organization\",\"name\":\"VoIPstudio\",\"url\":\"https:\\\/\\\/voipstudio.com\\\/pt\\\/\",\"logo\":{\"@type\":\"ImageObject\",\"inLanguage\":\"pt-PT\",\"@id\":\"https:\\\/\\\/voipstudio.com\\\/pt\\\/#\\\/schema\\\/logo\\\/image\\\/\",\"url\":\"https:\\\/\\\/voipstudio.com\\\/wp-content\\\/uploads\\\/2025\\\/07\\\/voipstudio_logo_black-1.png\",\"contentUrl\":\"https:\\\/\\\/voipstudio.com\\\/wp-content\\\/uploads\\\/2025\\\/07\\\/voipstudio_logo_black-1.png\",\"width\":1961,\"height\":379,\"caption\":\"VoIPstudio\"},\"image\":{\"@id\":\"https:\\\/\\\/voipstudio.com\\\/pt\\\/#\\\/schema\\\/logo\\\/image\\\/\"},\"sameAs\":[\"https:\\\/\\\/www.facebook.com\\\/voipstudio\",\"https:\\\/\\\/x.com\\\/voipstudio\",\"https:\\\/\\\/www.linkedin.com\\\/company\\\/voipstudio-com\\\/\"],\"description\":\"A limited company registered in England under company number 6978512, whose registered address is Gable House, 18-24 Turnham Green Terrace, W4 1QP London, United Kingdom.\",\"email\":\"marketing@voipstudio.com\",\"telephone\":\"+44 203 432 9230\",\"legalName\":\"Level 7 Systems\",\"foundingDate\":\"2009-08-03\",\"vatID\":\"GB982288750\",\"taxID\":\"6978512\",\"iso6523Code\":\"A8087849\",\"numberOfEmployees\":{\"@type\":\"QuantitativeValue\",\"minValue\":\"11\",\"maxValue\":\"50\"}}]}<\/script>\n<!-- \/ Yoast SEO Premium plugin. -->","yoast_head_json":{"title":"404 &#183; VoIPstudio","description":"O VoIPstudio \u00e9 um sistema telef\u00f3nico empresarial completo e um centro de atendimento escal\u00e1vel com pre\u00e7os para pequenas empresas. Junte-se a milhares de empresas em todo o mundo que j\u00e1 comunicam com o VoIPstudio!","robots":{"index":"index","follow":"follow","max-snippet":"max-snippet:-1","max-image-preview":"max-image-preview:large","max-video-preview":"max-video-preview:-1"},"canonical":"https:\/\/voipstudio.com\/pt\/404-2\/","og_locale":"pt_PT","og_type":"article","og_title":"404","og_description":"O VoIPstudio \u00e9 um sistema telef\u00f3nico empresarial completo e um centro de atendimento escal\u00e1vel com pre\u00e7os para pequenas empresas. Junte-se a milhares de empresas em todo o mundo que j\u00e1 comunicam com o VoIPstudio!","og_url":"https:\/\/voipstudio.com\/pt\/404-2\/","og_site_name":"VoIPstudio","article_publisher":"https:\/\/www.facebook.com\/voipstudio","article_modified_time":"2025-09-30T12:07:28+00:00","og_image":[{"width":1200,"height":628,"url":"https:\/\/voipstudio.com\/wp-content\/uploads\/2025\/09\/fallback-featured-image-posts.png","type":"image\/png"}],"twitter_card":"summary_large_image","twitter_site":"@voipstudio","twitter_misc":{"Est. reading time":"1 minuto"},"schema":{"@context":"https:\/\/schema.org","@graph":[{"@type":"WebPage","@id":"https:\/\/voipstudio.com\/pt\/404-2\/","url":"https:\/\/voipstudio.com\/pt\/404-2\/","name":"404 &#183; VoIPstudio","isPartOf":{"@id":"https:\/\/voipstudio.com\/pt\/#website"},"primaryImageOfPage":{"@id":"https:\/\/voipstudio.com\/pt\/404-2\/#primaryimage"},"image":{"@id":"https:\/\/voipstudio.com\/pt\/404-2\/#primaryimage"},"thumbnailUrl":"https:\/\/voipstudio.com\/wp-content\/uploads\/2025\/09\/fallback-featured-image-posts.png","datePublished":"2025-07-28T10:00:30+00:00","dateModified":"2025-09-30T12:07:28+00:00","description":"O VoIPstudio \u00e9 um sistema telef\u00f3nico empresarial completo e um centro de atendimento escal\u00e1vel com pre\u00e7os para pequenas empresas. Junte-se a milhares de empresas em todo o mundo que j\u00e1 comunicam com o VoIPstudio!","breadcrumb":{"@id":"https:\/\/voipstudio.com\/pt\/404-2\/#breadcrumb"},"inLanguage":"pt-PT","potentialAction":[{"@type":"ReadAction","target":["https:\/\/voipstudio.com\/pt\/404-2\/"]}]},{"@type":"ImageObject","inLanguage":"pt-PT","@id":"https:\/\/voipstudio.com\/pt\/404-2\/#primaryimage","url":"https:\/\/voipstudio.com\/wp-content\/uploads\/2025\/09\/fallback-featured-image-posts.png","contentUrl":"https:\/\/voipstudio.com\/wp-content\/uploads\/2025\/09\/fallback-featured-image-posts.png","width":1200,"height":628},{"@type":"BreadcrumbList","@id":"https:\/\/voipstudio.com\/pt\/404-2\/#breadcrumb","itemListElement":[{"@type":"ListItem","position":1,"name":"Home","item":"https:\/\/voipstudio.com\/pt\/"},{"@type":"ListItem","position":2,"name":"404"}]},{"@type":"WebSite","@id":"https:\/\/voipstudio.com\/pt\/#website","url":"https:\/\/voipstudio.com\/pt\/","name":"VoIPstudio","description":"Business communications for modern teams","publisher":{"@id":"https:\/\/voipstudio.com\/pt\/#organization"},"potentialAction":[{"@type":"SearchAction","target":{"@type":"EntryPoint","urlTemplate":"https:\/\/voipstudio.com\/pt\/?s={search_term_string}"},"query-input":{"@type":"PropertyValueSpecification","valueRequired":true,"valueName":"search_term_string"}}],"inLanguage":"pt-PT"},{"@type":"Organization","@id":"https:\/\/voipstudio.com\/pt\/#organization","name":"VoIPstudio","url":"https:\/\/voipstudio.com\/pt\/","logo":{"@type":"ImageObject","inLanguage":"pt-PT","@id":"https:\/\/voipstudio.com\/pt\/#\/schema\/logo\/image\/","url":"https:\/\/voipstudio.com\/wp-content\/uploads\/2025\/07\/voipstudio_logo_black-1.png","contentUrl":"https:\/\/voipstudio.com\/wp-content\/uploads\/2025\/07\/voipstudio_logo_black-1.png","width":1961,"height":379,"caption":"VoIPstudio"},"image":{"@id":"https:\/\/voipstudio.com\/pt\/#\/schema\/logo\/image\/"},"sameAs":["https:\/\/www.facebook.com\/voipstudio","https:\/\/x.com\/voipstudio","https:\/\/www.linkedin.com\/company\/voipstudio-com\/"],"description":"A limited company registered in England under company number 6978512, whose registered address is Gable House, 18-24 Turnham Green Terrace, W4 1QP London, United Kingdom.","email":"marketing@voipstudio.com","telephone":"+44 203 432 9230","legalName":"Level 7 Systems","foundingDate":"2009-08-03","vatID":"GB982288750","taxID":"6978512","iso6523Code":"A8087849","numberOfEmployees":{"@type":"QuantitativeValue","minValue":"11","maxValue":"50"}}]}},"_links":{"self":[{"href":"https:\/\/voipstudio.com\/pt\/wp-json\/wp\/v2\/pages\/33701","targetHints":{"allow":["GET"]}}],"collection":[{"href":"https:\/\/voipstudio.com\/pt\/wp-json\/wp\/v2\/pages"}],"about":[{"href":"https:\/\/voipstudio.com\/pt\/wp-json\/wp\/v2\/types\/page"}],"author":[{"embeddable":true,"href":"https:\/\/voipstudio.com\/pt\/wp-json\/wp\/v2\/users\/3"}],"replies":[{"embeddable":true,"href":"https:\/\/voipstudio.com\/pt\/wp-json\/wp\/v2\/comments?post=33701"}],"version-history":[{"count":6,"href":"https:\/\/voipstudio.com\/pt\/wp-json\/wp\/v2\/pages\/33701\/revisions"}],"predecessor-version":[{"id":35985,"href":"https:\/\/voipstudio.com\/pt\/wp-json\/wp\/v2\/pages\/33701\/revisions\/35985"}],"wp:featuredmedia":[{"embeddable":true,"href":"https:\/\/voipstudio.com\/pt\/wp-json\/wp\/v2\/media\/19217"}],"wp:attachment":[{"href":"https:\/\/voipstudio.com\/pt\/wp-json\/wp\/v2\/media?parent=33701"}],"curies":[{"name":"wp","href":"https:\/\/api.w.org\/{rel}","templated":true}]}}